{"id":1123,"date":"2023-09-11T22:25:14","date_gmt":"2023-09-11T20:25:14","guid":{"rendered":"https:\/\/mirabelarusu.com\/valoraciones\/"},"modified":"2023-11-02T22:23:56","modified_gmt":"2023-11-02T21:23:56","slug":"valoraciones","status":"publish","type":"page","link":"https:\/\/mirabelarusu.com\/val\/valoraciones\/","title":{"rendered":"Valoracions"},"content":{"rendered":"\t\t<div data-elementor-type=\"wp-page\" data-elementor-id=\"1123\" class=\"elementor elementor-1123 elementor-804\">\n\t\t\t\t\t\t\t\t\t<section class=\"elementor-section elementor-top-section elementor-element elementor-element-a954b90 elementor-section-boxed elementor-section-height-default elementor-section-height-default qodef-elementor-content-no\" data-id=\"a954b90\" data-element_type=\"section\">\n\t\t\t\t\t\t<div class=\"elementor-container elementor-column-gap-default\">\n\t\t\t\t\t<div class=\"elementor-column elementor-col-100 elementor-top-column elementor-element elementor-element-122f12a\" data-id=\"122f12a\" data-element_type=\"column\">\n\t\t\t<div class=\"elementor-widget-wrap elementor-element-populated\">\n\t\t\t\t\t\t\t\t<div class=\"elementor-element elementor-element-415b08e elementor-widget elementor-widget-qi_addons_for_elementor_testimonials_slider\" data-id=\"415b08e\" data-element_type=\"widget\" data-widget_type=\"qi_addons_for_elementor_testimonials_slider.default\">\n\t\t\t\t<div class=\"elementor-widget-container\">\n\t\t\t<div class=\"qodef-shortcode qodef-m  qodef-qi-testimonials-slider qodef--swiper-fade qodef-qi-grid qodef-qi-swiper-container qodef-item-layout--boxed qodef-navigation--inside  qodef-pagination--inside    qodef-navigation--hover-move\" data-options=\"{&quot;direction&quot;:&quot;horizontal&quot;,&quot;slidesPerView&quot;:&quot;1&quot;,&quot;spaceBetween&quot;:30,&quot;spaceBetweenTablet&quot;:30,&quot;spaceBetweenMobile&quot;:30,&quot;effect&quot;:&quot;&quot;,&quot;loop&quot;:true,&quot;autoplay&quot;:true,&quot;centeredSlides&quot;:false,&quot;speed&quot;:&quot;&quot;,&quot;speedAnimation&quot;:&quot;&quot;,&quot;outsideNavigation&quot;:&quot;no&quot;,&quot;outsidePagination&quot;:&quot;no&quot;,&quot;unique&quot;:&quot;1&quot;,&quot;partialValue&quot;:0,&quot;disablePartialValue&quot;:&quot;&quot;}\">\n\t<div class=\"swiper-wrapper\">\n\t\t<div class=\"qodef-e swiper-slide elementor-repeater-item-5d1ecbd\">\n\t<div class=\"qodef-e-inner\">\n\t\t<div class=\"qodef-e-top\">\n\t\t\t\t\t\t\t<div class=\"qodef-e-quote\">\n\t\t<svg class=\"qodef-e-quote-icon\" xmlns=\"http:\/\/www.w3.org\/2000\/svg\" xmlns:xlink=\"http:\/\/www.w3.org\/1999\/xlink\" x=\"0px\" y=\"0px\" viewBox=\"0 0 190.5 148\" xml:space=\"preserve\"><g><path d=\"M37.7,146.3L2.1,124.6C19.3,100,28.2,74.1,28.8,46.7V2.3H90v38.8c0,19.3-5,38.8-15.1,58.4C64.9,119,52.5,134.6,37.7,146.3z M133.7,146.3l-35.6-21.7c17.2-24.5,26.2-50.5,26.8-77.9V2.3h61.2v38.8c0,19.3-5,38.8-15.1,58.4C160.9,119,148.5,134.6,133.7,146.3z\"\/><\/g><\/svg>\t<\/div>\n\t\t\t<\/div>\n\t\t<div class=\"qodef-e-content\">\n\t\t\t\t\t\t\t<h3 itemprop=\"description\" class=\"qodef-e-text\">Ped\u00ed a Mirabela que hiciese de int\u00e9rprete en la venta de mi empresa en ingl\u00e9s-espa\u00f1ol. Su profesionalidad y su disposici\u00f3n, adem\u00e1s de sus conocimientos hicieron que fuese un \u00e9xito. <\/h3>\n\t\t\t\t<div class=\"qodef-e-author\">\n\t\t<h5 class=\"qodef-e-author-name\">Alberto \u00c1lvarez<\/h5>\n\t\t\t\t\t<span class=\"qodef-e-author-job\">14 de Juliol de 2023<\/span>\n\t\t\t<\/div>\n\t\t<\/div>\n\t<\/div>\n<\/div>\n<div class=\"qodef-e swiper-slide elementor-repeater-item-2398247\">\n\t<div class=\"qodef-e-inner\">\n\t\t<div class=\"qodef-e-top\">\n\t\t\t\t\t\t\t<div class=\"qodef-e-quote\">\n\t\t<svg class=\"qodef-e-quote-icon\" xmlns=\"http:\/\/www.w3.org\/2000\/svg\" xmlns:xlink=\"http:\/\/www.w3.org\/1999\/xlink\" x=\"0px\" y=\"0px\" viewBox=\"0 0 190.5 148\" xml:space=\"preserve\"><g><path d=\"M37.7,146.3L2.1,124.6C19.3,100,28.2,74.1,28.8,46.7V2.3H90v38.8c0,19.3-5,38.8-15.1,58.4C64.9,119,52.5,134.6,37.7,146.3z M133.7,146.3l-35.6-21.7c17.2-24.5,26.2-50.5,26.8-77.9V2.3h61.2v38.8c0,19.3-5,38.8-15.1,58.4C160.9,119,148.5,134.6,133.7,146.3z\"\/><\/g><\/svg>\t<\/div>\n\t\t\t<\/div>\n\t\t<div class=\"qodef-e-content\">\n\t\t\t\t\t\t\t<h3 itemprop=\"description\" class=\"qodef-e-text\">Mirabela hizo las pr\u00e1cticas en mi empresa y la valoraci\u00f3n de su trabajo ha sido muy positiva. Su disposici\u00f3n y trabajo realizado fueron muy positivos, as\u00ed como su profesionalidad.<\/h3>\n\t\t\t\t<div class=\"qodef-e-author\">\n\t\t<h5 class=\"qodef-e-author-name\">Ana<\/h5>\n\t\t\t\t\t<span class=\"qodef-e-author-job\"> 26 de Juny de 2023<\/span>\n\t\t\t<\/div>\n\t\t<\/div>\n\t<\/div>\n<\/div>\n<div class=\"qodef-e swiper-slide elementor-repeater-item-5a255c4\">\n\t<div class=\"qodef-e-inner\">\n\t\t<div class=\"qodef-e-top\">\n\t\t\t\t\t\t\t<div class=\"qodef-e-quote\">\n\t\t<svg class=\"qodef-e-quote-icon\" xmlns=\"http:\/\/www.w3.org\/2000\/svg\" xmlns:xlink=\"http:\/\/www.w3.org\/1999\/xlink\" x=\"0px\" y=\"0px\" viewBox=\"0 0 190.5 148\" xml:space=\"preserve\"><g><path d=\"M37.7,146.3L2.1,124.6C19.3,100,28.2,74.1,28.8,46.7V2.3H90v38.8c0,19.3-5,38.8-15.1,58.4C64.9,119,52.5,134.6,37.7,146.3z M133.7,146.3l-35.6-21.7c17.2-24.5,26.2-50.5,26.8-77.9V2.3h61.2v38.8c0,19.3-5,38.8-15.1,58.4C160.9,119,148.5,134.6,133.7,146.3z\"\/><\/g><\/svg>\t<\/div>\n\t\t\t<\/div>\n\t\t<div class=\"qodef-e-content\">\n\t\t\t\t\t\t\t<h3 itemprop=\"description\" class=\"qodef-e-text\">Es una profesora estupenda, te ayuda independientemente de tu nivel y se adapta a tus necesidades. Con ella he aprendido mucho vocabulario y gram\u00e1tica adem\u00e1s he mejorado mi comprensi\u00f3n auditiva.<\/h3>\n\t\t\t\t<div class=\"qodef-e-author\">\n\t\t<h5 class=\"qodef-e-author-name\">Paula<\/h5>\n\t\t\t\t\t<span class=\"qodef-e-author-job\">23 de Maig 2023<\/span>\n\t\t\t<\/div>\n\t\t<\/div>\n\t<\/div>\n<\/div>\n<div class=\"qodef-e swiper-slide elementor-repeater-item-d7fa1fc\">\n\t<div class=\"qodef-e-inner\">\n\t\t<div class=\"qodef-e-top\">\n\t\t\t\t\t\t\t<div class=\"qodef-e-quote\">\n\t\t<svg class=\"qodef-e-quote-icon\" xmlns=\"http:\/\/www.w3.org\/2000\/svg\" xmlns:xlink=\"http:\/\/www.w3.org\/1999\/xlink\" x=\"0px\" y=\"0px\" viewBox=\"0 0 190.5 148\" xml:space=\"preserve\"><g><path d=\"M37.7,146.3L2.1,124.6C19.3,100,28.2,74.1,28.8,46.7V2.3H90v38.8c0,19.3-5,38.8-15.1,58.4C64.9,119,52.5,134.6,37.7,146.3z M133.7,146.3l-35.6-21.7c17.2-24.5,26.2-50.5,26.8-77.9V2.3h61.2v38.8c0,19.3-5,38.8-15.1,58.4C160.9,119,148.5,134.6,133.7,146.3z\"\/><\/g><\/svg>\t<\/div>\n\t\t\t<\/div>\n\t\t<div class=\"qodef-e-content\">\n\t\t\t\t\t\t\t<h3 itemprop=\"description\" class=\"qodef-e-text\">I contacted Mirabela for a technical translation. She is professional and met delivery deadlines. I totally recommend.<\/h3>\n\t\t\t\t<div class=\"qodef-e-author\">\n\t\t<h5 class=\"qodef-e-author-name\">Rafael<\/h5>\n\t\t\t\t\t<span class=\"qodef-e-author-job\">20 de Septembre 2023<\/span>\n\t\t\t<\/div>\n\t\t<\/div>\n\t<\/div>\n<\/div>\n<div class=\"qodef-e swiper-slide elementor-repeater-item-0f71c0e\">\n\t<div class=\"qodef-e-inner\">\n\t\t<div class=\"qodef-e-top\">\n\t\t\t\t\t\t\t<div class=\"qodef-e-quote\">\n\t\t<svg class=\"qodef-e-quote-icon\" xmlns=\"http:\/\/www.w3.org\/2000\/svg\" xmlns:xlink=\"http:\/\/www.w3.org\/1999\/xlink\" x=\"0px\" y=\"0px\" viewBox=\"0 0 190.5 148\" xml:space=\"preserve\"><g><path d=\"M37.7,146.3L2.1,124.6C19.3,100,28.2,74.1,28.8,46.7V2.3H90v38.8c0,19.3-5,38.8-15.1,58.4C64.9,119,52.5,134.6,37.7,146.3z M133.7,146.3l-35.6-21.7c17.2-24.5,26.2-50.5,26.8-77.9V2.3h61.2v38.8c0,19.3-5,38.8-15.1,58.4C160.9,119,148.5,134.6,133.7,146.3z\"\/><\/g><\/svg>\t<\/div>\n\t\t\t<\/div>\n\t\t<div class=\"qodef-e-content\">\n\t\t\t\t\t\t\t<h3 itemprop=\"description\" class=\"qodef-e-text\">Contact\u00e9 con la profesora porque nuestro hijo necesitaba refuerzo en ingl\u00e9s y nunca consegu\u00eda aprobar. Llevamos solo 3 meses con ella y estamos muy contentos, nuestro hijo ha aprobado la primera evaluaci\u00f3n y va mejorando. Se adapta y es muy amable, recomendamos sin duda.<\/h3>\n\t\t\t\t<div class=\"qodef-e-author\">\n\t\t<h5 class=\"qodef-e-author-name\">Alba<\/h5>\n\t\t\t\t\t<span class=\"qodef-e-author-job\"> 11 de Gener 2023<\/span>\n\t\t\t<\/div>\n\t\t<\/div>\n\t<\/div>\n<\/div>\n<div class=\"qodef-e swiper-slide elementor-repeater-item-1594172\">\n\t<div class=\"qodef-e-inner\">\n\t\t<div class=\"qodef-e-top\">\n\t\t\t\t\t\t\t<div class=\"qodef-e-quote\">\n\t\t<svg class=\"qodef-e-quote-icon\" xmlns=\"http:\/\/www.w3.org\/2000\/svg\" xmlns:xlink=\"http:\/\/www.w3.org\/1999\/xlink\" x=\"0px\" y=\"0px\" viewBox=\"0 0 190.5 148\" xml:space=\"preserve\"><g><path d=\"M37.7,146.3L2.1,124.6C19.3,100,28.2,74.1,28.8,46.7V2.3H90v38.8c0,19.3-5,38.8-15.1,58.4C64.9,119,52.5,134.6,37.7,146.3z M133.7,146.3l-35.6-21.7c17.2-24.5,26.2-50.5,26.8-77.9V2.3h61.2v38.8c0,19.3-5,38.8-15.1,58.4C160.9,119,148.5,134.6,133.7,146.3z\"\/><\/g><\/svg>\t<\/div>\n\t\t\t<\/div>\n\t\t<div class=\"qodef-e-content\">\n\t\t\t\t\t\t\t<h3 itemprop=\"description\" class=\"qodef-e-text\">Solicit\u00e9 clases online porque ten\u00eda una prueba de nivel B2 de ingl\u00e9s para entrar a un m\u00e1ster. Tiene buen nivel y le pone ganas, cosa que hace mucho, est\u00e1 pendiente para asegurarse que entiendes las cosas y si no, busca otra forma de explicarlas. Un 10.<\/h3>\n\t\t\t\t<div class=\"qodef-e-author\">\n\t\t<h5 class=\"qodef-e-author-name\">Antonio<\/h5>\n\t\t\t\t\t<span class=\"qodef-e-author-job\">13 Septembre 2022<\/span>\n\t\t\t<\/div>\n\t\t<\/div>\n\t<\/div>\n<\/div>\n<div class=\"qodef-e swiper-slide elementor-repeater-item-6208f6d\">\n\t<div class=\"qodef-e-inner\">\n\t\t<div class=\"qodef-e-top\">\n\t\t\t\t\t\t\t<div class=\"qodef-e-quote\">\n\t\t<svg class=\"qodef-e-quote-icon\" xmlns=\"http:\/\/www.w3.org\/2000\/svg\" xmlns:xlink=\"http:\/\/www.w3.org\/1999\/xlink\" x=\"0px\" y=\"0px\" viewBox=\"0 0 190.5 148\" xml:space=\"preserve\"><g><path d=\"M37.7,146.3L2.1,124.6C19.3,100,28.2,74.1,28.8,46.7V2.3H90v38.8c0,19.3-5,38.8-15.1,58.4C64.9,119,52.5,134.6,37.7,146.3z M133.7,146.3l-35.6-21.7c17.2-24.5,26.2-50.5,26.8-77.9V2.3h61.2v38.8c0,19.3-5,38.8-15.1,58.4C160.9,119,148.5,134.6,133.7,146.3z\"\/><\/g><\/svg>\t<\/div>\n\t\t\t<\/div>\n\t\t<div class=\"qodef-e-content\">\n\t\t\t\t\t\t\t<h3 itemprop=\"description\" class=\"qodef-e-text\">I moved to Spain some years ago and I didn\u2019t know Spanish at all. Mirabela helped me to get a B1 level in Spanish. She is very kind and professional. 10\/10<\/h3>\n\t\t\t\t<div class=\"qodef-e-author\">\n\t\t<h5 class=\"qodef-e-author-name\">Collin<\/h5>\n\t\t\t\t\t<span class=\"qodef-e-author-job\">10 de Maig de 2023<\/span>\n\t\t\t<\/div>\n\t\t<\/div>\n\t<\/div>\n<\/div>\n\t<\/div>\n\t\t<div class=\"swiper-button-prev\"><svg class=\"qodef-swiper-arrow-left\" xmlns=\"http:\/\/www.w3.org\/2000\/svg\" xmlns:xlink=\"http:\/\/www.w3.org\/1999\/xlink\" x=\"0px\" y=\"0px\" width=\"21px\" height=\"12.4px\" viewBox=\"0 0 21 12.4\" xml:space=\"preserve\" style=\"stroke: none;\"><g><path d=\"M0,6.2C0,6.1,0,6,0.1,5.9c0-0.1,0.1-0.2,0.2-0.3l5.3-5.3c0.4-0.4,0.8-0.4,1.2,0c0.4,0.4,0.4,0.8,0,1.2L3,5.3h17.1c0.3,0,0.5,0.1,0.6,0.2S21,5.9,21,6.2c0,0.3-0.1,0.5-0.2,0.6s-0.4,0.2-0.6,0.2H3l3.7,3.8c0.4,0.4,0.4,0.8,0,1.2c-0.4,0.4-0.8,0.4-1.2,0L0.3,6.8C0.2,6.7,0.1,6.6,0.1,6.5C0,6.4,0,6.3,0,6.2z\"\/><\/g><\/svg><\/div>\n\t<div class=\"swiper-button-next\"><svg class=\"qodef-swiper-arrow-right\" xmlns=\"http:\/\/www.w3.org\/2000\/svg\" xmlns:xlink=\"http:\/\/www.w3.org\/1999\/xlink\" x=\"0px\" y=\"0px\" width=\"21px\" height=\"12.4px\" viewBox=\"0 0 21 12.4\" xml:space=\"preserve\" style=\"stroke: none;\"><g><path d=\"M20.9,6.5c0,0.1-0.1,0.2-0.2,0.3L15.5,12c-0.4,0.4-0.8,0.4-1.2,0c-0.4-0.4-0.4-0.8,0-1.2L18,7.1H0.9C0.6,7.1,0.4,7,0.2,6.8S0,6.4,0,6.2c0-0.3,0.1-0.5,0.2-0.6s0.4-0.2,0.6-0.2H18l-3.7-3.8c-0.4-0.4-0.4-0.8,0-1.2c0.4-0.4,0.8-0.4,1.2,0l5.3,5.3c0.1,0.1,0.2,0.2,0.2,0.3C21,6,21,6.1,21,6.2S21,6.4,20.9,6.5z\"\/><\/g><\/svg><\/div>\n\t<div class=\"swiper-pagination\"><\/div>\n<\/div>\n\t\t<\/div>\n\t\t\t\t<\/div>\n\t\t\t\t\t<\/div>\n\t\t<\/div>\n\t\t\t\t\t\t\t<\/div>\n\t\t<\/section>\n\t\t\t\t\t\t\t<\/div>\n\t\t","protected":false},"excerpt":{"rendered":"<p>Ped\u00ed a Mirabela que hiciese de int\u00e9rprete en la venta de mi empresa en ingl\u00e9s-espa\u00f1ol. Su profesionalidad y su disposici\u00f3n, adem\u00e1s de sus conocimientos hicieron que fuese un \u00e9xito. Alberto \u00c1lvarez 14 de Juliol de 2023 Mirabela hizo las pr\u00e1cticas en mi empresa y la valoraci\u00f3n de su trabajo ha sido muy positiva. Su disposici\u00f3n [&hellip;]<\/p>\n","protected":false},"author":1,"featured_media":0,"parent":0,"menu_order":0,"comment_status":"closed","ping_status":"closed","template":"qi-full-width.php","meta":{"footnotes":""},"_links":{"self":[{"href":"https:\/\/mirabelarusu.com\/val\/wp-json\/wp\/v2\/pages\/1123"}],"collection":[{"href":"https:\/\/mirabelarusu.com\/val\/wp-json\/wp\/v2\/pages"}],"about":[{"href":"https:\/\/mirabelarusu.com\/val\/wp-json\/wp\/v2\/types\/page"}],"author":[{"embeddable":true,"href":"https:\/\/mirabelarusu.com\/val\/wp-json\/wp\/v2\/users\/1"}],"replies":[{"embeddable":true,"href":"https:\/\/mirabelarusu.com\/val\/wp-json\/wp\/v2\/comments?post=1123"}],"version-history":[{"count":16,"href":"https:\/\/mirabelarusu.com\/val\/wp-json\/wp\/v2\/pages\/1123\/revisions"}],"predecessor-version":[{"id":1512,"href":"https:\/\/mirabelarusu.com\/val\/wp-json\/wp\/v2\/pages\/1123\/revisions\/1512"}],"wp:attachment":[{"href":"https:\/\/mirabelarusu.com\/val\/wp-json\/wp\/v2\/media?parent=1123"}],"curies":[{"name":"wp","href":"https:\/\/api.w.org\/{rel}","templated":true}]}}